{"id":130,"date":"2023-05-03T21:49:40","date_gmt":"2023-05-03T18:49:40","guid":{"rendered":"http:\/\/ynsyatirim.com.tr\/?page_id=130"},"modified":"2025-11-29T12:09:47","modified_gmt":"2025-11-29T09:09:47","slug":"iletisim","status":"publish","type":"page","link":"https:\/\/ynsyatirim.com.tr\/index.php\/iletisim\/","title":{"rendered":"\u0130leti\u015fim"},"content":{"rendered":"\n<blockquote class=\"wp-block-quote is-layout-flow wp-block-quote-is-layout-flow\">\n<blockquote class=\"wp-block-quote is-layout-flow wp-block-quote-is-layout-flow\">\n<p><strong>FEVZ\u0130\u00c7AKMAK MAH. MEDCEZ\u0130R CAD. NO:37 KARATAY\/KONYA<\/strong><\/p>\n<\/blockquote>\n<cite>TEL: + 90 332 300 0098<\/cite><\/blockquote>\n\n\n\n<h2 class=\"wp-block-heading\">Konum<\/h2>\n\n\n\n<p><a href=\"https:\/\/maps.app.goo.gl\/Rs7hbn4VfqupTTWS7\">https:\/\/maps.app.goo.gl\/Rs7hbn4VfqupTTWS7<\/a><\/p>\n\n\n\n<p><\/p>\n","protected":false},"excerpt":{"rendered":"<p>Konum https:\/\/maps.app.goo.gl\/Rs7hbn4VfqupTTWS7<\/p>\n","protected":false},"author":1,"featured_media":0,"parent":0,"menu_order":0,"comment_status":"closed","ping_status":"closed","template":"","meta":{"footnotes":""},"class_list":["post-130","page","type-page","status-publish","hentry"],"_links":{"self":[{"href":"https:\/\/ynsyatirim.com.tr\/index.php\/wp-json\/wp\/v2\/pages\/130","targetHints":{"allow":["GET"]}}],"collection":[{"href":"https:\/\/ynsyatirim.com.tr\/index.php\/wp-json\/wp\/v2\/pages"}],"about":[{"href":"https:\/\/ynsyatirim.com.tr\/index.php\/wp-json\/wp\/v2\/types\/page"}],"author":[{"embeddable":true,"href":"https:\/\/ynsyatirim.com.tr\/index.php\/wp-json\/wp\/v2\/users\/1"}],"replies":[{"embeddable":true,"href":"https:\/\/ynsyatirim.com.tr\/index.php\/wp-json\/wp\/v2\/comments?post=130"}],"version-history":[{"count":8,"href":"https:\/\/ynsyatirim.com.tr\/index.php\/wp-json\/wp\/v2\/pages\/130\/revisions"}],"predecessor-version":[{"id":391,"href":"https:\/\/ynsyatirim.com.tr\/index.php\/wp-json\/wp\/v2\/pages\/130\/revisions\/391"}],"wp:attachment":[{"href":"https:\/\/ynsyatirim.com.tr\/index.php\/wp-json\/wp\/v2\/media?parent=130"}],"curies":[{"name":"wp","href":"https:\/\/api.w.org\/{rel}","templated":true}]}}