{"id":185,"date":"2023-05-04T02:35:56","date_gmt":"2023-05-03T23:35:56","guid":{"rendered":"http:\/\/ynsyatirim.com.tr\/?page_id=185"},"modified":"2023-05-04T17:38:29","modified_gmt":"2023-05-04T14:38:29","slug":"lisansli-ges-referanslari","status":"publish","type":"page","link":"https:\/\/ynsyatirim.com.tr\/index.php\/lisansli-ges-referanslari\/","title":{"rendered":"Lisansl\u0131 GES Referanslar\u0131"},"content":{"rendered":"\n<blockquote class=\"wp-block-quote has-text-align-left is-layout-flow wp-block-quote-is-layout-flow\">\n<blockquote class=\"wp-block-quote is-layout-flow wp-block-quote-is-layout-flow\">\n<p>1- \u0130ttifak Holding A.\u015e<\/p>\n<cite><em>2.2. AHH Elektrik \u00dcretim Tar\u0131msal \u00dcr\u00fcnler G\u0131da \u0130n\u015faat Tic. San. Ltd. \u015eti.<\/em><\/cite><\/blockquote>\n\n\n\n<ul class=\"wp-block-list\">\n<li>Santral lokasyonun tespiti<\/li>\n\n\n\n<li>Yer \u0130zinlerinin Al\u0131nmas\u0131<\/li>\n\n\n\n<li>\u00d6l\u00e7\u00fcm \u0130stasyonun Kurulmas\u0131<\/li>\n\n\n\n<li>Santral Sahas\u0131n\u0131n Belirlenmesi<\/li>\n\n\n\n<li>\u00d6l\u00e7\u00fcm \u0130stasyonu Veri Takibi<\/li>\n\n\n\n<li>Resmi Kurum Yaz\u0131\u015fmalar\u0131n Yap\u0131lmas\u0131<\/li>\n\n\n\n<li>MGM Sonu\u00e7 Raporu<\/li>\n\n\n\n<li>EPDK Lisans Dosyas\u0131n\u0131n Haz\u0131rlanmas\u0131<\/li>\n<\/ul>\n\n\n\n<p>3- Taranc\u0131lar A.\u015e \/ Elif Nergiz \u0130n\u015f. Mad. Nak. Turz. San. Ve Tic. Ltd. \u015eti.<\/p>\n\n\n\n<ul class=\"wp-block-list\">\n<li>Santral lokasyonun tespiti<\/li>\n\n\n\n<li>Santral Sahas\u0131n\u0131n Belirlenmesi<\/li>\n\n\n\n<li>Yer \u0130zinlerinin Al\u0131nmas\u0131<\/li>\n\n\n\n<li>\u00d6l\u00e7\u00fcm \u0130stasyonun Kurulmas\u0131<\/li>\n\n\n\n<li>\u00d6l\u00e7\u00fcm \u0130stasyonu Veri Takibi<\/li>\n\n\n\n<li>Resmi Kurum Yaz\u0131\u015fmalar\u0131n Yap\u0131lmas\u0131<\/li>\n\n\n\n<li>MGM Sonu\u00e7 Raporu<\/li>\n\n\n\n<li>Salih Solar \u015eirketinin &#8220;Coren Elektrik Enerjisi \u0130thalat \u0130hracat ve Toptan Sat\u0131\u015f A.\u015e.&#8221; sat\u0131lmas\u0131nda dan\u0131\u015fmanl\u0131k hizmeti verilmi\u015ftir.<\/li>\n<\/ul>\n\n\n\n<p>4- Coren Elektrik Enerjisi \u0130thalat \u0130hracat ve Toptan Sat\u0131\u015f A.\u015e.<\/p>\n\n\n\n<ul class=\"wp-block-list\">\n<li>Salih Solar \u015eirketinin &#8220;Coren Elektrik Enerjisi \u0130thalat \u0130hracat ve Toptan Sat\u0131\u015f A.\u015e.&#8221; sat\u0131lmas\u0131nda dan\u0131\u015fmanl\u0131k hizmeti verilmi\u015ftir.<\/li>\n\n\n\n<li>EPDK Lisans Dosyas\u0131n\u0131n Haz\u0131rlanmas\u0131<\/li>\n<\/ul>\n\n\n\n<p><em>5- \u0130\u015fpark \u0130n\u015faat Enerji \u00dcretim Turizm A.\u015e.<\/em><\/p>\n\n\n\n<ul class=\"wp-block-list\">\n<li>Santral lokasyonun tespiti<\/li>\n\n\n\n<li>Santral Sahas\u0131n\u0131n Belirlenmesi<\/li>\n\n\n\n<li>Yer \u0130zinlerinin Al\u0131nmas\u0131<\/li>\n<\/ul>\n\n\n\n<p>6- Altarm G\u00fcne\u015f Enerjisi Elektrik \u00dcretim Tic. Ltd. \u015eti.<\/p>\n\n\n\n<ul class=\"wp-block-list\">\n<li>Santral lokasyonun tespiti<\/li>\n\n\n\n<li>Santral Sahas\u0131n\u0131n Belirlenmesi<\/li>\n\n\n\n<li>Yer \u0130zinlerinin Al\u0131nmas\u0131<\/li>\n<\/ul>\n\n\n\n<p>7- Beyali Enerji \u00dcretim A.\u015e<\/p>\n\n\n\n<ul class=\"wp-block-list\">\n<li>Santral lokasyonun tespiti<\/li>\n\n\n\n<li>Santral Sahas\u0131n\u0131n Belirlenmesi<\/li>\n\n\n\n<li>Yer \u0130zinlerinin Al\u0131nmas\u0131<\/li>\n<\/ul>\n\n\n\n<p>8- Halk Enerji Yat\u0131r\u0131mlar\u0131 \u00dcretim \u0130n\u015faat A.\u015e<\/p>\n\n\n\n<ul class=\"wp-block-list\">\n<li>Santral lokasyonun tespiti<\/li>\n\n\n\n<li>Santral Sahas\u0131n\u0131n Belirlenmesi<\/li>\n\n\n\n<li>Yer \u0130zinlerinin Al\u0131nmas\u0131<\/li>\n<\/ul>\n<\/blockquote>\n\n\n\n<p><\/p>\n","protected":false},"excerpt":{"rendered":"","protected":false},"author":1,"featured_media":0,"parent":0,"menu_order":0,"comment_status":"closed","ping_status":"closed","template":"","meta":{"footnotes":""},"class_list":["post-185","page","type-page","status-publish","hentry"],"_links":{"self":[{"href":"https:\/\/ynsyatirim.com.tr\/index.php\/wp-json\/wp\/v2\/pages\/185","targetHints":{"allow":["GET"]}}],"collection":[{"href":"https:\/\/ynsyatirim.com.tr\/index.php\/wp-json\/wp\/v2\/pages"}],"about":[{"href":"https:\/\/ynsyatirim.com.tr\/index.php\/wp-json\/wp\/v2\/types\/page"}],"author":[{"embeddable":true,"href":"https:\/\/ynsyatirim.com.tr\/index.php\/wp-json\/wp\/v2\/users\/1"}],"replies":[{"embeddable":true,"href":"https:\/\/ynsyatirim.com.tr\/index.php\/wp-json\/wp\/v2\/comments?post=185"}],"version-history":[{"count":20,"href":"https:\/\/ynsyatirim.com.tr\/index.php\/wp-json\/wp\/v2\/pages\/185\/revisions"}],"predecessor-version":[{"id":269,"href":"https:\/\/ynsyatirim.com.tr\/index.php\/wp-json\/wp\/v2\/pages\/185\/revisions\/269"}],"wp:attachment":[{"href":"https:\/\/ynsyatirim.com.tr\/index.php\/wp-json\/wp\/v2\/media?parent=185"}],"curies":[{"name":"wp","href":"https:\/\/api.w.org\/{rel}","templated":true}]}}