{"id":187,"date":"2023-05-04T02:35:56","date_gmt":"2023-05-03T23:35:56","guid":{"rendered":"http:\/\/ynsyatirim.com.tr\/?page_id=187"},"modified":"2023-05-04T17:48:16","modified_gmt":"2023-05-04T14:48:16","slug":"saha-gelisim-referanslari","status":"publish","type":"page","link":"https:\/\/ynsyatirim.com.tr\/index.php\/saha-gelisim-referanslari\/","title":{"rendered":"Hibrit ve Depolamal\u0131 GES Referanslar\u0131m\u0131z"},"content":{"rendered":"\n<h1 class=\"wp-block-heading\">L\u0130SANSLI H\u0130BR\u0130T PROJE REFERANSIMIZ<\/h1>\n\n\n\n<h1 class=\"wp-block-heading\">1-&nbsp;&nbsp;&nbsp; MUTLUER ENERJ\u0130 A.\u015e.<\/h1>\n\n\n\n<ul class=\"wp-block-list\">\n<li>Konya, Sel\u00e7uklu, \u00c7alt\u0131 K\u00f6y\u00fc, 25 MW Hibrit GES Projesi.<\/li>\n<\/ul>\n\n\n\n<h1 class=\"wp-block-heading\">L\u0130SANSLI DEPOLAMALI GES REFERANSLARIMIZ<\/h1>\n\n\n\n<h1 class=\"wp-block-heading\">1-&nbsp;&nbsp;&nbsp; Tesla \u0130nternationel Enerji A.\u015e.<\/h1>\n\n\n\n<ul class=\"wp-block-list\">\n<li>Santral lokasyonun tespiti<\/li>\n\n\n\n<li>Santral Sahas\u0131n\u0131n Belirlenmesi<\/li>\n\n\n\n<li>Yer \u0130zinlerinin Al\u0131nmas\u0131<\/li>\n<\/ul>\n\n\n\n<figure class=\"wp-block-table\"><table><tbody><tr><td><strong>Proje Ad\u0131<\/strong><\/td><td><strong>\u0130li<\/strong><\/td><td><strong>\u0130l\u00e7esi<\/strong><\/td><td><strong>Proje AC<\/strong> <strong>G\u00fcc\u00fc(MW)<\/strong><\/td><\/tr><tr><td>TESLA ENERJ\u0130-1 GES<\/td><td>KONYA<\/td><td>\u00c7UMRA<\/td><td>56<\/td><\/tr><tr><td>TESLA ENERJ\u0130-2 GES<\/td><td>KONYA<\/td><td>YUNAK<\/td><td>54<\/td><\/tr><tr><td>TESLA ENERJ\u0130-3 GES<\/td><td>KONYA<\/td><td>KARATAY<\/td><td>63<\/td><\/tr><tr><td>TESLA ENERJ\u0130-4 GES<\/td><td>KONYA<\/td><td>\u00c7UMRA<\/td><td>58<\/td><\/tr><tr><td>TESLA ENERJ\u0130-5 GES<\/td><td>KONYA<\/td><td>KARATAY<\/td><td>50<\/td><\/tr><tr><td>TESLA ENERJ\u0130-6 GES<\/td><td>KONYA<\/td><td>C\u0130HANBEYL\u0130<\/td><td>99<\/td><\/tr><tr><td>TESLA ENERJ\u0130-7 GES<\/td><td>AKSARAY<\/td><td>MERKEZ<\/td><td>64<\/td><\/tr><tr><td>TESLA ENERJ\u0130-8 GES<\/td><td>TEK\u0130RDA\u011e<\/td><td>HAYRABOLU<\/td><td>119<\/td><\/tr><\/tbody><\/table><\/figure>\n\n\n\n<h1 class=\"wp-block-heading\">2-&nbsp;&nbsp;&nbsp; Karap\u0131nar Elektrik \u00dcretim ve Ticaret Ltd. \u015eti.<\/h1>\n\n\n\n<ul class=\"wp-block-list\">\n<li>Santral lokasyonun tespiti<\/li>\n\n\n\n<li>Santral Sahas\u0131n\u0131n Belirlenmesi<\/li>\n\n\n\n<li>Yer \u0130zinlerinin Al\u0131nmas\u0131<\/li>\n<\/ul>\n\n\n\n<figure class=\"wp-block-table\"><table><tbody><tr><td><strong>Proje Ad\u0131<\/strong><\/td><td><strong>\u0130li<\/strong><\/td><td><strong>\u0130l\u00e7esi<\/strong><\/td><td><strong>Proje AC<\/strong> <strong>G\u00fcc\u00fc(MW)<\/strong><\/td><\/tr><tr><td>NAKKAS GES (\u00f6nlisans al\u0131nd\u0131)<\/td><td>\u0130STANBUL<\/td><td>\u00c7ATALCA<\/td><td>10<\/td><\/tr><tr><td>KARAPINAR BAKLALI GES<\/td><td>\u0130STANBUL<\/td><td>ARNAVUTK\u00d6Y<\/td><td>4<\/td><\/tr><tr><td>SAZLIBOSNA GES<\/td><td>\u0130STANBUL<\/td><td>ARNAVUTK\u00d6Y<\/td><td>20<\/td><\/tr><\/tbody><\/table><\/figure>\n\n\n\n<h1 class=\"wp-block-heading\">3-&nbsp;&nbsp;&nbsp; SB M\u00dcTEAHH\u0130TL\u0130K ENERJ\u0130 SAN. ve T\u0130C. A.\u015e.<\/h1>\n\n\n\n<ul class=\"wp-block-list\">\n<li>Santral lokasyonun tespiti<\/li>\n\n\n\n<li>Santral Sahas\u0131n\u0131n Belirlenmesi<\/li>\n\n\n\n<li>Yer \u0130zinlerinin Al\u0131nmas\u0131<\/li>\n<\/ul>\n\n\n\n<figure class=\"wp-block-table\"><table><tbody><tr><td><strong>Proje Ad\u0131<\/strong><\/td><td><strong>\u0130li<\/strong><\/td><td><strong>\u0130l\u00e7esi<\/strong><\/td><td><strong>Proje AC<\/strong> <strong>G\u00fcc\u00fc(MW)<\/strong><\/td><\/tr><tr><td>SG ENERJ\u0130-1 GES<\/td><td>N\u0130\u011eDE<\/td><td>BOR<\/td><td>50<\/td><\/tr><tr><td>SG ENERJ\u0130-2 GES<\/td><td>AKSARAY<\/td><td>SULTANHANI<\/td><td>50<\/td><\/tr><tr><td>SG ENERJ\u0130-3 GES<\/td><td>AKSARAY<\/td><td>MERKEZ<\/td><td>30<\/td><\/tr><tr><td>SG ENERJ\u0130-4 GES<\/td><td>KONYA<\/td><td>KARAPINAR<\/td><td>30<\/td><\/tr><tr><td>SG ENERJ\u0130-5 GES<\/td><td>N\u0130\u011eDE<\/td><td>MERKEZ<\/td><td>30<\/td><\/tr><tr><td>SG ENERJ\u0130-6 GES<\/td><td>AKSARAY<\/td><td>MERKEZ<\/td><td>30<\/td><\/tr><tr><td>SG ENERJ\u0130-7 GES<\/td><td>N\u0130\u011eDE<\/td><td>MERKEZ<\/td><td>30<\/td><\/tr><tr><td>SG ENERJ\u0130-8 GES<\/td><td>KONYA<\/td><td>SARAY\u00d6N\u00dc<\/td><td>50<\/td><\/tr><tr><td>SG ENERJ\u0130-9 GES<\/td><td>KARAMAN<\/td><td>MERKEZ<\/td><td>30<\/td><\/tr><tr><td>SG ENERJ\u0130-10 GES<\/td><td>KONYA<\/td><td>\u00c7UMRA<\/td><td>30<\/td><\/tr><\/tbody><\/table><\/figure>\n\n\n\n<p>4-\u00a0\u00a0\u00a0AKTEKS ENERJ\u0130 \u0130N\u015e.  SAN. VE T\u0130C. A.\u015e.<\/p>\n\n\n\n<ul class=\"wp-block-list\">\n<li>Santral lokasyonun tespiti<\/li>\n\n\n\n<li>Santral Sahas\u0131n\u0131n Belirlenmesi<\/li>\n\n\n\n<li>Yer \u0130zinlerinin Al\u0131nmas\u0131<\/li>\n<\/ul>\n\n\n\n<figure class=\"wp-block-table\"><table><tbody><tr><td><strong>Proje Ad\u0131<\/strong><\/td><td><strong>\u0130li<\/strong><\/td><td><strong>\u0130l\u00e7esi<\/strong><\/td><td><strong>Proje AC<\/strong> <strong>G\u00fcc\u00fc(MW)<\/strong><\/td><\/tr><tr><td>BESN\u0130 GES          <\/td><td>ADIYAMAN<\/td><td>BESN\u0130    <\/td><td>     21,6<\/td><\/tr><\/tbody><\/table><\/figure>\n","protected":false},"excerpt":{"rendered":"<p>L\u0130SANSLI H\u0130BR\u0130T PROJE REFERANSIMIZ 1-&nbsp;&nbsp;&nbsp; MUTLUER ENERJ\u0130 A.\u015e. L\u0130SANSLI DEPOLAMALI GES REFERANSLARIMIZ 1-&nbsp;&nbsp;&nbsp; Tesla \u0130nternationel Enerji A.\u015e. Proje Ad\u0131 \u0130li \u0130l\u00e7esi Proje AC G\u00fcc\u00fc(MW) TESLA ENERJ\u0130-1 GES KONYA \u00c7UMRA 56 TESLA ENERJ\u0130-2 GES KONYA YUNAK 54 TESLA ENERJ\u0130-3 GES KONYA KARATAY 63 TESLA ENERJ\u0130-4 GES KONYA \u00c7UMRA 58 TESLA ENERJ\u0130-5 GES KONYA KARATAY 50 TESLA &hellip; <\/p>\n<p class=\"link-more\"><a href=\"https:\/\/ynsyatirim.com.tr\/index.php\/saha-gelisim-referanslari\/\" class=\"more-link\">Okumaya devam et<span class=\"screen-reader-text\"> &#8220;Hibrit ve Depolamal\u0131 GES Referanslar\u0131m\u0131z&#8221;<\/span><\/a><\/p>\n","protected":false},"author":1,"featured_media":0,"parent":0,"menu_order":0,"comment_status":"closed","ping_status":"closed","template":"","meta":{"footnotes":""},"class_list":["post-187","page","type-page","status-publish","hentry"],"_links":{"self":[{"href":"https:\/\/ynsyatirim.com.tr\/index.php\/wp-json\/wp\/v2\/pages\/187","targetHints":{"allow":["GET"]}}],"collection":[{"href":"https:\/\/ynsyatirim.com.tr\/index.php\/wp-json\/wp\/v2\/pages"}],"about":[{"href":"https:\/\/ynsyatirim.com.tr\/index.php\/wp-json\/wp\/v2\/types\/page"}],"author":[{"embeddable":true,"href":"https:\/\/ynsyatirim.com.tr\/index.php\/wp-json\/wp\/v2\/users\/1"}],"replies":[{"embeddable":true,"href":"https:\/\/ynsyatirim.com.tr\/index.php\/wp-json\/wp\/v2\/comments?post=187"}],"version-history":[{"count":5,"href":"https:\/\/ynsyatirim.com.tr\/index.php\/wp-json\/wp\/v2\/pages\/187\/revisions"}],"predecessor-version":[{"id":274,"href":"https:\/\/ynsyatirim.com.tr\/index.php\/wp-json\/wp\/v2\/pages\/187\/revisions\/274"}],"wp:attachment":[{"href":"https:\/\/ynsyatirim.com.tr\/index.php\/wp-json\/wp\/v2\/media?parent=187"}],"curies":[{"name":"wp","href":"https:\/\/api.w.org\/{rel}","templated":true}]}}