{"id":192,"date":"2023-05-04T02:38:55","date_gmt":"2023-05-03T23:38:55","guid":{"rendered":"http:\/\/ynsyatirim.com.tr\/?page_id=192"},"modified":"2024-07-27T14:30:20","modified_gmt":"2024-07-27T11:30:20","slug":"referanslar","status":"publish","type":"page","link":"https:\/\/ynsyatirim.com.tr\/index.php\/referanslar\/","title":{"rendered":"Referanslar"},"content":{"rendered":"\n<p><a href=\"http:\/\/ynsyatirim.com.tr\/index.php\/lisanssiz-ges-referanlari\/\" data-type=\"page\" data-id=\"186\">Lisanss\u0131z GES Referanslar\u0131 (5.1\/h Kapsam\u0131ndaki)<\/a><\/p>\n\n\n\n<p><a href=\"http:\/\/ynsyatirim.com.tr\/index.php\/lisanssiz-ges-referanlari\/\" data-type=\"page\" data-id=\"186\">Lisanss\u0131z GES Referanslar\u0131m\u0131z (2014-2017)<\/a><\/p>\n\n\n\n<p><a href=\"http:\/\/ynsyatirim.com.tr\/index.php\/lisansli-ges-referanslari\/\" data-type=\"page\" data-id=\"185\">Lisansl\u0131 GES Referanslar\u0131<\/a><\/p>\n\n\n\n<p><a href=\"http:\/\/ynsyatirim.com.tr\/index.php\/saha-gelisim-referanslari\/\" data-type=\"page\" data-id=\"187\">Hibrit ve Depolamal\u0131 Lisansl\u0131 GES Referanslar\u0131m\u0131z<\/a><\/p>\n\n\n\n<p><a href=\"http:\/\/ynsyatirim.com.tr\/index.php\/__trashed-2\/\" data-type=\"page\" data-id=\"254\">Elektrik Proje Referanslar\u0131m\u0131z<\/a><\/p>\n\n\n\n<p><\/p>\n\n\n\n<p><\/p>\n","protected":false},"excerpt":{"rendered":"<p>Lisanss\u0131z GES Referanslar\u0131 (5.1\/h Kapsam\u0131ndaki) Lisanss\u0131z GES Referanslar\u0131m\u0131z (2014-2017) Lisansl\u0131 GES Referanslar\u0131 Hibrit ve Depolamal\u0131 Lisansl\u0131 GES Referanslar\u0131m\u0131z Elektrik Proje Referanslar\u0131m\u0131z<\/p>\n","protected":false},"author":1,"featured_media":0,"parent":0,"menu_order":0,"comment_status":"closed","ping_status":"closed","template":"","meta":{"footnotes":""},"class_list":["post-192","page","type-page","status-publish","hentry"],"_links":{"self":[{"href":"https:\/\/ynsyatirim.com.tr\/index.php\/wp-json\/wp\/v2\/pages\/192","targetHints":{"allow":["GET"]}}],"collection":[{"href":"https:\/\/ynsyatirim.com.tr\/index.php\/wp-json\/wp\/v2\/pages"}],"about":[{"href":"https:\/\/ynsyatirim.com.tr\/index.php\/wp-json\/wp\/v2\/types\/page"}],"author":[{"embeddable":true,"href":"https:\/\/ynsyatirim.com.tr\/index.php\/wp-json\/wp\/v2\/users\/1"}],"replies":[{"embeddable":true,"href":"https:\/\/ynsyatirim.com.tr\/index.php\/wp-json\/wp\/v2\/comments?post=192"}],"version-history":[{"count":6,"href":"https:\/\/ynsyatirim.com.tr\/index.php\/wp-json\/wp\/v2\/pages\/192\/revisions"}],"predecessor-version":[{"id":293,"href":"https:\/\/ynsyatirim.com.tr\/index.php\/wp-json\/wp\/v2\/pages\/192\/revisions\/293"}],"wp:attachment":[{"href":"https:\/\/ynsyatirim.com.tr\/index.php\/wp-json\/wp\/v2\/media?parent=192"}],"curies":[{"name":"wp","href":"https:\/\/api.w.org\/{rel}","templated":true}]}}