{"id":236,"date":"2023-05-04T13:44:17","date_gmt":"2023-05-04T10:44:17","guid":{"rendered":"http:\/\/ynsyatirim.com.tr\/?page_id=236"},"modified":"2025-05-19T11:52:08","modified_gmt":"2025-05-19T08:52:08","slug":"grup-sikeleri","status":"publish","type":"page","link":"https:\/\/ynsyatirim.com.tr\/index.php\/grup-sikeleri\/","title":{"rendered":"Grup \u015eirketleri"},"content":{"rendered":"\n<figure class=\"wp-block-image size-large\"><img loading=\"lazy\" decoding=\"async\" width=\"1024\" height=\"414\" src=\"http:\/\/ynsyatirim.com.tr\/wp-content\/uploads\/2023\/05\/LOGO_YNS2-1024x414.png\" alt=\"\" class=\"wp-image-244\" srcset=\"https:\/\/ynsyatirim.com.tr\/wp-content\/uploads\/2023\/05\/LOGO_YNS2-1024x414.png 1024w, https:\/\/ynsyatirim.com.tr\/wp-content\/uploads\/2023\/05\/LOGO_YNS2-300x121.png 300w, https:\/\/ynsyatirim.com.tr\/wp-content\/uploads\/2023\/05\/LOGO_YNS2-768x310.png 768w, https:\/\/ynsyatirim.com.tr\/wp-content\/uploads\/2023\/05\/LOGO_YNS2.png 1190w\" sizes=\"auto, (max-width: 767px) 89vw, (max-width: 1000px) 54vw, (max-width: 1071px) 543px, 580px\" \/><\/figure>\n\n\n\n<figure class=\"wp-block-image size-large\"><img loading=\"lazy\" decoding=\"async\" width=\"1024\" height=\"367\" src=\"http:\/\/ynsyatirim.com.tr\/wp-content\/uploads\/2023\/05\/logo-1-1024x367.jpg\" alt=\"\" class=\"wp-image-240\" srcset=\"https:\/\/ynsyatirim.com.tr\/wp-content\/uploads\/2023\/05\/logo-1-1024x367.jpg 1024w, https:\/\/ynsyatirim.com.tr\/wp-content\/uploads\/2023\/05\/logo-1-300x108.jpg 300w, https:\/\/ynsyatirim.com.tr\/wp-content\/uploads\/2023\/05\/logo-1-768x275.jpg 768w, https:\/\/ynsyatirim.com.tr\/wp-content\/uploads\/2023\/05\/logo-1-1536x551.jpg 1536w, https:\/\/ynsyatirim.com.tr\/wp-content\/uploads\/2023\/05\/logo-1-2048x734.jpg 2048w\" sizes=\"auto, (max-width: 767px) 89vw, (max-width: 1000px) 54vw, (max-width: 1071px) 543px, 580px\" \/><\/figure>\n\n\n\n<ul class=\"wp-block-list\">\n<li><mark style=\"background-color:#0693e3\" class=\"has-inline-color has-black-color\">YNS YATIRIM PROJE VE ELEKTR\u0130K ENERJ\u0130S\u0130 A.\u015e.<\/mark><\/li>\n\n\n\n<li><mark style=\"background-color:#0693e3\" class=\"has-inline-color has-black-color\">KRME AR-GE B\u0130L\u0130\u015e\u0130M ELEKTR\u0130K ELEKTRON\u0130K DANI\u015eMANLIK SAN. T\u0130C. LTD. \u015eT\u0130.<\/mark><\/li>\n<\/ul>\n\n\n\n<div class=\"wp-block-group is-layout-grid wp-container-core-group-is-layout-9649a0d9 wp-block-group-is-layout-grid\"><\/div>\n\n\n\n<p><\/p>\n","protected":false},"excerpt":{"rendered":"","protected":false},"author":1,"featured_media":0,"parent":0,"menu_order":0,"comment_status":"closed","ping_status":"closed","template":"","meta":{"footnotes":""},"class_list":["post-236","page","type-page","status-publish","hentry"],"_links":{"self":[{"href":"https:\/\/ynsyatirim.com.tr\/index.php\/wp-json\/wp\/v2\/pages\/236","targetHints":{"allow":["GET"]}}],"collection":[{"href":"https:\/\/ynsyatirim.com.tr\/index.php\/wp-json\/wp\/v2\/pages"}],"about":[{"href":"https:\/\/ynsyatirim.com.tr\/index.php\/wp-json\/wp\/v2\/types\/page"}],"author":[{"embeddable":true,"href":"https:\/\/ynsyatirim.com.tr\/index.php\/wp-json\/wp\/v2\/users\/1"}],"replies":[{"embeddable":true,"href":"https:\/\/ynsyatirim.com.tr\/index.php\/wp-json\/wp\/v2\/comments?post=236"}],"version-history":[{"count":9,"href":"https:\/\/ynsyatirim.com.tr\/index.php\/wp-json\/wp\/v2\/pages\/236\/revisions"}],"predecessor-version":[{"id":376,"href":"https:\/\/ynsyatirim.com.tr\/index.php\/wp-json\/wp\/v2\/pages\/236\/revisions\/376"}],"wp:attachment":[{"href":"https:\/\/ynsyatirim.com.tr\/index.php\/wp-json\/wp\/v2\/media?parent=236"}],"curies":[{"name":"wp","href":"https:\/\/api.w.org\/{rel}","templated":true}]}}