{"id":302,"date":"2025-05-17T12:59:00","date_gmt":"2025-05-17T09:59:00","guid":{"rendered":"https:\/\/ynsyatirim.com.tr\/?page_id=302"},"modified":"2025-05-19T11:35:37","modified_gmt":"2025-05-19T08:35:37","slug":"galeri","status":"publish","type":"page","link":"https:\/\/ynsyatirim.com.tr\/index.php\/galeri\/","title":{"rendered":"Galeri"},"content":{"rendered":"\n<p>TESLER\u0130M\u0130ZDEN G\u00d6R\u00dcNT\u00dcLER<\/p>\n\n\n\n<div class=\"wp-block-group is-layout-grid wp-container-core-group-is-layout-9649a0d9 wp-block-group-is-layout-grid\">\n<figure class=\"wp-block-gallery has-nested-images columns-default is-cropped wp-block-gallery-1 is-layout-flex wp-block-gallery-is-layout-flex\">\n<figure class=\"wp-block-image size-large\"><img loading=\"lazy\" decoding=\"async\" width=\"1024\" height=\"576\" data-id=\"362\" src=\"https:\/\/ynsyatirim.com.tr\/wp-content\/uploads\/2025\/05\/IMG-20250519-WA0004-2-1024x576.jpg\" alt=\"\" class=\"wp-image-362\" srcset=\"https:\/\/ynsyatirim.com.tr\/wp-content\/uploads\/2025\/05\/IMG-20250519-WA0004-2-1024x576.jpg 1024w, https:\/\/ynsyatirim.com.tr\/wp-content\/uploads\/2025\/05\/IMG-20250519-WA0004-2-300x169.jpg 300w, https:\/\/ynsyatirim.com.tr\/wp-content\/uploads\/2025\/05\/IMG-20250519-WA0004-2-768x432.jpg 768w, https:\/\/ynsyatirim.com.tr\/wp-content\/uploads\/2025\/05\/IMG-20250519-WA0004-2.jpg 1280w\" sizes=\"auto, (max-width: 767px) 89vw, (max-width: 1000px) 54vw, (max-width: 1071px) 543px, 580px\" \/><\/figure>\n<\/figure>\n\n\n\n<figure class=\"wp-block-gallery has-nested-images columns-default is-cropped wp-block-gallery-2 is-layout-flex wp-block-gallery-is-layout-flex\">\n<figure class=\"wp-block-image size-large\"><img loading=\"lazy\" decoding=\"async\" width=\"1024\" height=\"576\" data-id=\"363\" src=\"https:\/\/ynsyatirim.com.tr\/wp-content\/uploads\/2025\/05\/IMG-20250519-WA0007-2-1024x576.jpg\" alt=\"\" class=\"wp-image-363\" srcset=\"https:\/\/ynsyatirim.com.tr\/wp-content\/uploads\/2025\/05\/IMG-20250519-WA0007-2-1024x576.jpg 1024w, https:\/\/ynsyatirim.com.tr\/wp-content\/uploads\/2025\/05\/IMG-20250519-WA0007-2-300x169.jpg 300w, https:\/\/ynsyatirim.com.tr\/wp-content\/uploads\/2025\/05\/IMG-20250519-WA0007-2-768x432.jpg 768w, https:\/\/ynsyatirim.com.tr\/wp-content\/uploads\/2025\/05\/IMG-20250519-WA0007-2.jpg 1280w\" sizes=\"auto, (max-width: 767px) 89vw, (max-width: 1000px) 54vw, (max-width: 1071px) 543px, 580px\" \/><\/figure>\n<\/figure>\n\n\n\n<figure class=\"wp-block-gallery has-nested-images columns-default is-cropped wp-block-gallery-3 is-layout-flex wp-block-gallery-is-layout-flex\">\n<figure class=\"wp-block-image size-large\"><img loading=\"lazy\" decoding=\"async\" width=\"1024\" height=\"576\" data-id=\"365\" src=\"https:\/\/ynsyatirim.com.tr\/wp-content\/uploads\/2025\/05\/IMG-20250519-WA0006-2-1024x576.jpg\" alt=\"\" class=\"wp-image-365\" srcset=\"https:\/\/ynsyatirim.com.tr\/wp-content\/uploads\/2025\/05\/IMG-20250519-WA0006-2-1024x576.jpg 1024w, https:\/\/ynsyatirim.com.tr\/wp-content\/uploads\/2025\/05\/IMG-20250519-WA0006-2-300x169.jpg 300w, https:\/\/ynsyatirim.com.tr\/wp-content\/uploads\/2025\/05\/IMG-20250519-WA0006-2-768x432.jpg 768w, https:\/\/ynsyatirim.com.tr\/wp-content\/uploads\/2025\/05\/IMG-20250519-WA0006-2.jpg 1280w\" sizes=\"auto, (max-width: 767px) 89vw, (max-width: 1000px) 54vw, (max-width: 1071px) 543px, 580px\" \/><\/figure>\n<\/figure>\n\n\n\n<figure class=\"wp-block-gallery has-nested-images columns-default is-cropped wp-block-gallery-4 is-layout-flex wp-block-gallery-is-layout-flex\">\n<figure class=\"wp-block-image size-large\"><img loading=\"lazy\" decoding=\"async\" width=\"1024\" height=\"576\" data-id=\"366\" src=\"https:\/\/ynsyatirim.com.tr\/wp-content\/uploads\/2025\/05\/IMG-20250519-WA0007-3-1024x576.jpg\" alt=\"\" class=\"wp-image-366\" srcset=\"https:\/\/ynsyatirim.com.tr\/wp-content\/uploads\/2025\/05\/IMG-20250519-WA0007-3-1024x576.jpg 1024w, https:\/\/ynsyatirim.com.tr\/wp-content\/uploads\/2025\/05\/IMG-20250519-WA0007-3-300x169.jpg 300w, https:\/\/ynsyatirim.com.tr\/wp-content\/uploads\/2025\/05\/IMG-20250519-WA0007-3-768x432.jpg 768w, https:\/\/ynsyatirim.com.tr\/wp-content\/uploads\/2025\/05\/IMG-20250519-WA0007-3.jpg 1280w\" sizes=\"auto, (max-width: 767px) 89vw, (max-width: 1000px) 54vw, (max-width: 1071px) 543px, 580px\" \/><\/figure>\n<\/figure>\n\n\n\n<figure class=\"wp-block-gallery has-nested-images columns-default is-cropped wp-block-gallery-5 is-layout-flex wp-block-gallery-is-layout-flex\">\n<figure class=\"wp-block-image size-large\"><img loading=\"lazy\" decoding=\"async\" width=\"1024\" height=\"768\" data-id=\"367\" src=\"https:\/\/ynsyatirim.com.tr\/wp-content\/uploads\/2025\/05\/IMG-20250519-WA0002-1-1024x768.jpg\" alt=\"\" class=\"wp-image-367\" srcset=\"https:\/\/ynsyatirim.com.tr\/wp-content\/uploads\/2025\/05\/IMG-20250519-WA0002-1-1024x768.jpg 1024w, https:\/\/ynsyatirim.com.tr\/wp-content\/uploads\/2025\/05\/IMG-20250519-WA0002-1-300x225.jpg 300w, https:\/\/ynsyatirim.com.tr\/wp-content\/uploads\/2025\/05\/IMG-20250519-WA0002-1-768x576.jpg 768w, https:\/\/ynsyatirim.com.tr\/wp-content\/uploads\/2025\/05\/IMG-20250519-WA0002-1-1536x1152.jpg 1536w, https:\/\/ynsyatirim.com.tr\/wp-content\/uploads\/2025\/05\/IMG-20250519-WA0002-1.jpg 1600w\" sizes=\"auto, (max-width: 767px) 89vw, (max-width: 1000px) 54vw, (max-width: 1071px) 543px, 580px\" \/><\/figure>\n<\/figure>\n\n\n\n<figure class=\"wp-block-gallery has-nested-images columns-default is-cropped wp-block-gallery-6 is-layout-flex wp-block-gallery-is-layout-flex\">\n<figure class=\"wp-block-image size-large\"><img loading=\"lazy\" decoding=\"async\" width=\"768\" height=\"1024\" data-id=\"368\" src=\"https:\/\/ynsyatirim.com.tr\/wp-content\/uploads\/2025\/05\/WhatsApp-Gorsel-2025-05-19-saat-10.53.31_c538344f-768x1024.jpg\" alt=\"\" class=\"wp-image-368\" srcset=\"https:\/\/ynsyatirim.com.tr\/wp-content\/uploads\/2025\/05\/WhatsApp-Gorsel-2025-05-19-saat-10.53.31_c538344f-768x1024.jpg 768w, https:\/\/ynsyatirim.com.tr\/wp-content\/uploads\/2025\/05\/WhatsApp-Gorsel-2025-05-19-saat-10.53.31_c538344f-225x300.jpg 225w, https:\/\/ynsyatirim.com.tr\/wp-content\/uploads\/2025\/05\/WhatsApp-Gorsel-2025-05-19-saat-10.53.31_c538344f-1152x1536.jpg 1152w, https:\/\/ynsyatirim.com.tr\/wp-content\/uploads\/2025\/05\/WhatsApp-Gorsel-2025-05-19-saat-10.53.31_c538344f.jpg 1200w\" sizes=\"auto, (max-width: 767px) 89vw, (max-width: 1000px) 54vw, (max-width: 1071px) 543px, 580px\" \/><\/figure>\n<\/figure>\n<\/div>\n\n\n\n<div class=\"wp-block-columns is-layout-flex wp-container-core-columns-is-layout-9d6595d7 wp-block-columns-is-layout-flex\">\n<div class=\"wp-block-column is-layout-flow wp-block-column-is-layout-flow\">\n<figure class=\"wp-block-video\"><video height=\"1080\" style=\"aspect-ratio: 1920 \/ 1080;\" width=\"1920\" controls src=\"https:\/\/ynsyatirim.com.tr\/wp-content\/uploads\/2025\/05\/DENEME.mov\"><\/video><\/figure>\n<\/div>\n\n\n\n<div class=\"wp-block-column is-layout-flow wp-block-column-is-layout-flow\">\n<p>FMC H\u0130DROL\u0130K GES<\/p>\n\n\n\n<p>5357 kWp \/ 4500 kWe<\/p>\n\n\n\n<p>TEK Y\u00d6NDE G\u00dcNE\u015e TAK\u0130P S\u0130STEM\u0130<\/p>\n<\/div>\n<\/div>\n\n\n\n<div class=\"wp-block-columns is-layout-flex wp-container-core-columns-is-layout-9d6595d7 wp-block-columns-is-layout-flex\">\n<div class=\"wp-block-column is-layout-flow wp-block-column-is-layout-flow\">\n<figure class=\"wp-block-video\"><video height=\"480\" style=\"aspect-ratio: 848 \/ 480;\" width=\"848\" controls src=\"https:\/\/ynsyatirim.com.tr\/wp-content\/uploads\/2025\/05\/FMC-HIDROLIK-KARAPINAR.mp4\"><\/video><\/figure>\n<\/div>\n\n\n\n<div class=\"wp-block-column is-layout-flow wp-block-column-is-layout-flow\">\n<p>FMC H\u0130DROL\u0130K GES 2<\/p>\n\n\n\n<p>5491,2 kWp \/ 4200 kWe<\/p>\n\n\n\n<p>OPT\u0130MUM A\u00c7IDA SAB\u0130TLENM\u0130\u015e S\u0130STEM<\/p>\n<\/div>\n<\/div>\n\n\n\n<div class=\"wp-block-columns is-layout-flex wp-container-core-columns-is-layout-9d6595d7 wp-block-columns-is-layout-flex\">\n<div class=\"wp-block-column is-layout-flow wp-block-column-is-layout-flow\">\n<figure class=\"wp-block-video\"><video height=\"720\" style=\"aspect-ratio: 1280 \/ 720;\" width=\"1280\" controls src=\"https:\/\/ynsyatirim.com.tr\/wp-content\/uploads\/2025\/05\/WhatsApp-Video-2025-05-19-saat-09.41.49_e903bf69-1.mp4\"><\/video><\/figure>\n<\/div>\n\n\n\n<div class=\"wp-block-column is-layout-flow wp-block-column-is-layout-flow\">\n<p>YNS YATIRIM-2 GES<\/p>\n\n\n\n<p>2613,6 kWp \/ 1920 kWe<\/p>\n\n\n\n<p>OPT\u0130MUM A\u00c7IDA SAB\u0130TLENM\u0130\u015e S\u0130STEM<\/p>\n<\/div>\n<\/div>\n\n\n\n<div class=\"wp-block-columns is-layout-flex wp-container-core-columns-is-layout-9d6595d7 wp-block-columns-is-layout-flex\">\n<div class=\"wp-block-column is-layout-flow wp-block-column-is-layout-flow\">\n<figure class=\"wp-block-video\"><video height=\"720\" style=\"aspect-ratio: 1280 \/ 720;\" width=\"1280\" controls src=\"https:\/\/ynsyatirim.com.tr\/wp-content\/uploads\/2025\/05\/YNS-ALibeyhuyugu-1.mp4\"><\/video><\/figure>\n<\/div>\n\n\n\n<div class=\"wp-block-column is-layout-flow wp-block-column-is-layout-flow\">\n<p>YNS YATIRIM-1 GES<\/p>\n\n\n\n<p>588,06 kWp \/ 500 kWe<\/p>\n\n\n\n<p>OPT\u0130MUM A\u00c7IDA SAB\u0130TLENM\u0130\u015e S\u0130STEM<\/p>\n<\/div>\n<\/div>\n\n\n\n<div class=\"wp-block-columns is-layout-flex wp-container-core-columns-is-layout-9d6595d7 wp-block-columns-is-layout-flex\">\n<div class=\"wp-block-column is-layout-flow wp-block-column-is-layout-flow\">\n<figure class=\"wp-block-video\"><video height=\"480\" style=\"aspect-ratio: 848 \/ 480;\" width=\"848\" controls src=\"https:\/\/ynsyatirim.com.tr\/wp-content\/uploads\/2025\/05\/WhatsApp-Video-2025-05-19-saat-11.07.28_c5afdf1c.mp4\"><\/video><\/figure>\n<\/div>\n\n\n\n<div class=\"wp-block-column is-layout-flow wp-block-column-is-layout-flow\">\n<p>MEHMET KAPLAN-2 GES<\/p>\n\n\n\n<p>859,10 kWp \/ 600 kWe<\/p>\n\n\n\n<p>OPT\u0130MUM A\u00c7IDA SAB\u0130TLENM\u0130\u015e S\u0130STEM<\/p>\n<\/div>\n<\/div>\n\n\n\n<div class=\"wp-block-columns is-layout-flex wp-container-core-columns-is-layout-9d6595d7 wp-block-columns-is-layout-flex\">\n<div class=\"wp-block-column is-layout-flow wp-block-column-is-layout-flow\">\n<figure class=\"wp-block-video\"><video height=\"480\" style=\"aspect-ratio: 848 \/ 480;\" width=\"848\" controls src=\"https:\/\/ynsyatirim.com.tr\/wp-content\/uploads\/2025\/05\/YNS-YATIRIM-7-GES-MEHMET-KAPLAN-4-GES-2.mp4\"><\/video><\/figure>\n<\/div>\n\n\n\n<div class=\"wp-block-column is-layout-flow wp-block-column-is-layout-flow\">\n<p>YNS YATIRIM-7 GES 855,80 kWp \/ 554 kWe OPT\u0130MUM A\u00c7IDA SAB\u0130TLENM\u0130\u015e S\u0130STEM<\/p>\n\n\n\n<p>MEHMET KAPLAN-4 GES 1372,80 kWp \/ 950 kWe OPT\u0130MUM A\u00c7IDA SAB\u0130TLENM\u0130\u015e S\u0130STEM <\/p>\n<\/div>\n<\/div>\n\n\n\n<p><\/p>\n","protected":false},"excerpt":{"rendered":"<p>TESLER\u0130M\u0130ZDEN G\u00d6R\u00dcNT\u00dcLER FMC H\u0130DROL\u0130K GES 5357 kWp \/ 4500 kWe TEK Y\u00d6NDE G\u00dcNE\u015e TAK\u0130P S\u0130STEM\u0130 FMC H\u0130DROL\u0130K GES 2 5491,2 kWp \/ 4200 kWe OPT\u0130MUM A\u00c7IDA SAB\u0130TLENM\u0130\u015e S\u0130STEM YNS YATIRIM-2 GES 2613,6 kWp \/ 1920 kWe OPT\u0130MUM A\u00c7IDA SAB\u0130TLENM\u0130\u015e S\u0130STEM YNS YATIRIM-1 GES 588,06 kWp \/ 500 kWe OPT\u0130MUM A\u00c7IDA SAB\u0130TLENM\u0130\u015e S\u0130STEM MEHMET KAPLAN-2 GES &hellip; <\/p>\n<p class=\"link-more\"><a href=\"https:\/\/ynsyatirim.com.tr\/index.php\/galeri\/\" class=\"more-link\">Okumaya devam et<span class=\"screen-reader-text\"> &#8220;Galeri&#8221;<\/span><\/a><\/p>\n","protected":false},"author":3,"featured_media":0,"parent":0,"menu_order":0,"comment_status":"closed","ping_status":"closed","template":"","meta":{"footnotes":""},"class_list":["post-302","page","type-page","status-publish","hentry"],"_links":{"self":[{"href":"https:\/\/ynsyatirim.com.tr\/index.php\/wp-json\/wp\/v2\/pages\/302","targetHints":{"allow":["GET"]}}],"collection":[{"href":"https:\/\/ynsyatirim.com.tr\/index.php\/wp-json\/wp\/v2\/pages"}],"about":[{"href":"https:\/\/ynsyatirim.com.tr\/index.php\/wp-json\/wp\/v2\/types\/page"}],"author":[{"embeddable":true,"href":"https:\/\/ynsyatirim.com.tr\/index.php\/wp-json\/wp\/v2\/users\/3"}],"replies":[{"embeddable":true,"href":"https:\/\/ynsyatirim.com.tr\/index.php\/wp-json\/wp\/v2\/comments?post=302"}],"version-history":[{"count":11,"href":"https:\/\/ynsyatirim.com.tr\/index.php\/wp-json\/wp\/v2\/pages\/302\/revisions"}],"predecessor-version":[{"id":372,"href":"https:\/\/ynsyatirim.com.tr\/index.php\/wp-json\/wp\/v2\/pages\/302\/revisions\/372"}],"wp:attachment":[{"href":"https:\/\/ynsyatirim.com.tr\/index.php\/wp-json\/wp\/v2\/media?parent=302"}],"curies":[{"name":"wp","href":"https:\/\/api.w.org\/{rel}","templated":true}]}}