{"id":38,"date":"2023-05-03T17:20:26","date_gmt":"2023-05-03T14:20:26","guid":{"rendered":"http:\/\/ynsyatirim.com.tr\/?page_id=38"},"modified":"2023-05-04T01:49:52","modified_gmt":"2023-05-03T22:49:52","slug":"38-2","status":"publish","type":"page","link":"https:\/\/ynsyatirim.com.tr\/","title":{"rendered":"Biz Kimiz?"},"content":{"rendered":"<p>YNS Yat\u0131r\u0131m\u00a0 kalite, m\u00fchendislikte m\u00fckemmellik, d\u00fcr\u00fcstl\u00fck ve do\u011fru yan\u0131t prensibi \u00fczerine in\u015fa etti\u011fi g\u00fc\u00e7l\u00fc sicilini \u00e7al\u0131\u015ft\u0131\u011f\u0131 firmalara m\u00fcmk\u00fcn olan en etkin \u015fekilde uygulama \u00e7abas\u0131 i\u00e7inde olmay\u0131 ilke edinmi\u015ftir.<\/p>\n<p>M\u00fc\u015fterilerine ve onlar\u0131n projelerinin yarar\u0131na tarafs\u0131z hizmet sunmaya odaklanm\u0131\u015f bir m\u00fchendislik ve dan\u0131\u015fmanl\u0131k firmas\u0131d\u0131r.<\/p>\n<p>Firma yenilenebilir enerji sistemleri yat\u0131r\u0131mlar\u0131n\u0131n etkin bir \u015fekilde uygulanmas\u0131 \u00fczerinde durmakta; yenilenebilir enerjide performans optimizasyonu ile teknik m\u00fc\u015favirlik ve dan\u0131\u015fmanl\u0131k hizmeti vermektedir.<\/p>\n<p>Ki\u015fisel hizmet, kalite ve do\u011fru yan\u0131t\u0131 d\u00fcstur edinen YNS Yat\u0131r\u0131m, her m\u00fc\u015fterisine kendi benzersiz durumu i\u00e7in geli\u015fmi\u015f ve \u00f6zg\u00fcn bir yakla\u015f\u0131m sunmaktad\u0131r.<\/p>\n","protected":false},"excerpt":{"rendered":"<p>YNS Yat\u0131r\u0131m\u00a0 kalite, m\u00fchendislikte m\u00fckemmellik, d\u00fcr\u00fcstl\u00fck ve do\u011fru yan\u0131t prensibi \u00fczerine in\u015fa etti\u011fi g\u00fc\u00e7l\u00fc sicilini \u00e7al\u0131\u015ft\u0131\u011f\u0131 firmalara m\u00fcmk\u00fcn olan en etkin \u015fekilde uygulama \u00e7abas\u0131 i\u00e7inde olmay\u0131 ilke edinmi\u015ftir. M\u00fc\u015fterilerine ve onlar\u0131n projelerinin yarar\u0131na tarafs\u0131z hizmet sunmaya odaklanm\u0131\u015f bir m\u00fchendislik ve dan\u0131\u015fmanl\u0131k firmas\u0131d\u0131r. Firma yenilenebilir enerji sistemleri yat\u0131r\u0131mlar\u0131n\u0131n etkin bir \u015fekilde uygulanmas\u0131 \u00fczerinde durmakta; yenilenebilir enerjide &hellip; <\/p>\n<p class=\"link-more\"><a href=\"https:\/\/ynsyatirim.com.tr\/\" class=\"more-link\">Okumaya devam et<span class=\"screen-reader-text\"> &#8220;Biz Kimiz?&#8221;<\/span><\/a><\/p>\n","protected":false},"author":1,"featured_media":0,"parent":0,"menu_order":0,"comment_status":"closed","ping_status":"closed","template":"elementor_header_footer","meta":{"footnotes":""},"class_list":["post-38","page","type-page","status-publish","hentry"],"_links":{"self":[{"href":"https:\/\/ynsyatirim.com.tr\/index.php\/wp-json\/wp\/v2\/pages\/38","targetHints":{"allow":["GET"]}}],"collection":[{"href":"https:\/\/ynsyatirim.com.tr\/index.php\/wp-json\/wp\/v2\/pages"}],"about":[{"href":"https:\/\/ynsyatirim.com.tr\/index.php\/wp-json\/wp\/v2\/types\/page"}],"author":[{"embeddable":true,"href":"https:\/\/ynsyatirim.com.tr\/index.php\/wp-json\/wp\/v2\/users\/1"}],"replies":[{"embeddable":true,"href":"https:\/\/ynsyatirim.com.tr\/index.php\/wp-json\/wp\/v2\/comments?post=38"}],"version-history":[{"count":43,"href":"https:\/\/ynsyatirim.com.tr\/index.php\/wp-json\/wp\/v2\/pages\/38\/revisions"}],"predecessor-version":[{"id":167,"href":"https:\/\/ynsyatirim.com.tr\/index.php\/wp-json\/wp\/v2\/pages\/38\/revisions\/167"}],"wp:attachment":[{"href":"https:\/\/ynsyatirim.com.tr\/index.php\/wp-json\/wp\/v2\/media?parent=38"}],"curies":[{"name":"wp","href":"https:\/\/api.w.org\/{rel}","templated":true}]}}